{"id":311,"date":"2025-12-02T15:43:06","date_gmt":"2025-12-02T15:43:06","guid":{"rendered":"https:\/\/mariage-paris12.fr\/?page_id=311"},"modified":"2025-12-02T16:17:21","modified_gmt":"2025-12-02T16:17:21","slug":"mentions-legales","status":"publish","type":"page","link":"https:\/\/mariage-paris12.fr\/?page_id=311","title":{"rendered":"Mentions l\u00e9gales"},"content":{"rendered":"<div class=\"\" style=\"\" >\n    \n    <section class=\"u-clearfix u-section-2\" id=\"sec-28c9\">\n      <div class=\"u-clearfix u-sheet u-sheet-1\">\n        <h1 class=\"u-align-center u-text u-text-1\">Mentions l\u00e9gales<\/h1>\n        <p class=\"u-align-left u-custom-font u-font-montserrat u-text u-text-2\">La poursuite de la navigation sur ce site vaut acceptation sans r\u00e9serve des dispositions et conditions d\u2019utilisation qui suivent. La version actuellement en ligne de ces conditions d\u2019utilisation est la seule opposable pendant toute la dur\u00e9e d\u2019utilisation du site et jusqu\u2019\u00e0 ce qu\u2019une nouvelle version la remplace. <br>\n          <br>\n          <span style=\"font-weight: 700;\">SITE<\/span>\n          <span style=\"font-weight: 500;\">\n            <span style=\"font-weight: 700;\">:&nbsp;<\/span>\n            <br>\n          <\/span>\n          <br>Propri\u00e9taire : \u200bHayette ZAIED et&nbsp;\u200bSamira ZAIED,&nbsp;\u200bMAISON ZAIED<br>SIRET : \u200b98070903400022 <br>Adresse du si\u00e8ge : \u200b44 COURS DE VINCENNES, 75012 PARIS<br>Activit\u00e9s : \u200bCommerce de d\u00e9tail d'habillement en magasin sp\u00e9cialis\u00e9<br>\n          <br>Cr\u00e9ateur : Agence Germain<br>Contact : 01 83 63 98 76 \u2013 contact@agence-germain.fr<br>\n          <br>Responsable publication (personne physique ou morale) : \u200bMAISON ZAIED <br>D\u00e9l\u00e9gu\u00e9 \u00e0 la protection des donn\u00e9es : \u200bENTREPRISE<br>\n          <br>Webmaster : Agence Germain<br>\n          <br>H\u00e9bergeur : OVH, soci\u00e9t\u00e9 immatricul\u00e9e au RCS de Lille sous le num\u00e9ro 537 407 926 sise 2, rue Kellermann, 59100 Roubaix.<br>\n          <br>\n          <br>\n          <span style=\"font-weight: 500;\">ACCES AU SITE<br>\n          <\/span>\n          <br>L\u2019acc\u00e8s au site et son utilisation sont r\u00e9serv\u00e9s \u00e0 un usage strictement personnel. Vous vous engagez \u00e0 ne pas utiliser ce site et les informations ou donn\u00e9es qui y figurent \u00e0 des fins commerciales, politiques, publicitaires et pour toute forme de sollicitation commerciale et notamment l\u2019envoi de courriers \u00e9lectroniques non sollicit\u00e9s.<br>\n          <br>\n          <br>\n          <span style=\"font-weight: 500;\">CONTENU DU SITE<br>\n          <\/span>\n          <br>La structure g\u00e9n\u00e9rale du Site, ainsi que toutes les marques, photographies, textes, articles, commentaires, illustrations, images anim\u00e9es ou non, s\u00e9quences vid\u00e9o, sons, ainsi que toutes les applications informatiques qui pourraient \u00eatre utilis\u00e9es pour faire fonctionner ce site et plus g\u00e9n\u00e9ralement tous les \u00e9l\u00e9ments reproduits ou utilis\u00e9s sur le site sont prot\u00e9g\u00e9s par les lois en vigueur au titre de la propri\u00e9t\u00e9 intellectuelle.<br>Ils sont la propri\u00e9t\u00e9 pleine et enti\u00e8re de l\u2019\u00e9diteur ou de ses partenaires. Toute reproduction, repr\u00e9sentation, utilisation ou adaptation, sous quelque forme que ce soit, de tout ou partie de ces \u00e9l\u00e9ments, y compris les applications informatiques, sans l\u2019accord pr\u00e9alable et \u00e9crit de l\u2019\u00e9diteur, sont strictement interdites. Le fait pour l\u2019\u00e9diteur de ne pas engager de proc\u00e9dure d\u00e8s la prise de connaissance de ces utilisations non autoris\u00e9es ne vaut pas acceptation des dites utilisations et renonciation aux poursuites.<br>\n          <br>\n          <br>\n          <span style=\"font-weight: 500;\">PROTECTION DES DONNEES A CARACTERE PERSONNEL<br>\n          <\/span>\n          <br>Notre site utilise essentiellement des cookies fonctionnels. C\u2019est-\u00e0-dire que les donn\u00e9es susceptibles d\u2019\u00eatre collect\u00e9es servent uniquement \u00e0 vous donner acc\u00e8s \u00e0 certaines fonctionnalit\u00e9s essentielles du site (comme la carte GOOGLE MAP, la s\u00e9curisation des formulaires de contact via re-CAPTCHA par GOOGLE et la lecture des vid\u00e9os via VIMEO).<br>\n          <br>Ces services (GOOGLE et VIMEO) peuvent r\u00e9colter certaines de vos donn\u00e9es personnelles telles que vos pr\u00e9f\u00e9rences et vos centres int\u00e9r\u00eats afin de personnaliser les publicit\u00e9s ou autres vid\u00e9os sugg\u00e9r\u00e9es en dehors de notre site web. Ils peuvent \u00e9galement r\u00e9colter des informations sur votre adresse IP, votre r\u00e9seau mobile, l\u2019appareil et le navigateur que vous utilisez afin de vous identifier temporairement et de vous diff\u00e9rencier d\u2019un robot.<br>\n          <br>Par ailleurs, le Site vous permet de prendre contact avec l\u2019\u00e9quipe \u200bMAISON ZAIED. Les informations vous concernant transmises \u00e0 cette occasion ne sont destin\u00e9es qu\u2019\u00e0 l\u2019\u00e9quipe \u200bMAISON ZAIED et ne peuvent \u00eatre transmises \u00e0 des tiers sans votre accord. Ces donn\u00e9es nous permettent de vous r\u00e9pondre efficacement et ont un caract\u00e8re d\u2019int\u00e9r\u00eat l\u00e9gitime afin que votre exp\u00e9rience sur notre site soit optimale.<br>\n          <br>Ce site n\u2019utilise pas d\u2019afficheur de publicit\u00e9 ni d\u2019outil de suivi de trafic.<br>\n          <br>Vos informations sont conserv\u00e9es 2 ans. Vous pouvez nous demander de supprimer vos informations personnelles quand vous le voulez. Pour cela, il suffit de nous contacter par mail. Nous vous r\u00e9pondrons sous 1 mois et nous appliquerons votre souhait.<br>\n          <br>\n          <br>\n          <span style=\"font-weight: 500;\">LOI APPLICABLE<br>\n          <\/span>\n          <br>Les pr\u00e9sentes conditions d\u2019utilisation du site sont r\u00e9gies par la loi fran\u00e7aise et soumises \u00e0 la comp\u00e9tence des tribunaux de Paris, sous r\u00e9serve d\u2019une attribution de comp\u00e9tence sp\u00e9cifique d\u00e9coulant d\u2019un texte de loi ou r\u00e9glementaire particulier.<br>\n          <br>\n          <br>\n          <span style=\"font-weight: 500;\">CONTACTEZ NOUS<\/span>\n          <br>\n          <br>Pour toute question, information sur les services pr\u00e9sent\u00e9s sur le site, ou concernant le site lui-m\u00eame, vous pouvez laisser un message \u00e0 l\u2019adresse suivante: <a href=\"mailto:maisonzaiedparis@gmail.com\" class=\"u-btn u-button-style u-text-palette-1-base u-btn-1\">maisonzaiedparis@gmail.com<\/a>\n        <\/p>\n      <\/div>\n    <\/section>\n    \n    \n    \n  \n<\/div>","protected":false},"excerpt":{"rendered":"<p>Mentions l\u00e9gales La poursuite de la navigation sur ce site vaut acceptation sans r\u00e9serve des dispositions et conditions d\u2019utilisation qui suivent. La version actuellement en ligne de ces conditions d\u2019utilisation est la seule opposable pendant toute la dur\u00e9e d\u2019utilisation du site et jusqu\u2019\u00e0 ce qu\u2019une nouvelle version la remplace. SITE :&nbsp; Propri\u00e9taire : \u200bHayette ZAIED [&hellip;]<\/p>\n","protected":false},"author":1,"featured_media":0,"parent":0,"menu_order":0,"comment_status":"closed","ping_status":"closed","template":"","meta":{"footnotes":""},"class_list":["post-311","page","type-page","status-publish","hentry"],"yoast_head":"<!-- This site is optimized with the Yoast SEO plugin v26.2 - https:\/\/yoast.com\/wordpress\/plugins\/seo\/ -->\n<title>Mentions l\u00e9gales - Maison Zaied<\/title>\n<meta name=\"robots\" content=\"noindex, follow, max-snippet:-1, max-image-preview:large, max-video-preview:-1\" \/>\n<meta property=\"og:locale\" content=\"fr_FR\" \/>\n<meta property=\"og:type\" content=\"article\" \/>\n<meta property=\"og:title\" content=\"Mentions l\u00e9gales - Maison Zaied\" \/>\n<meta property=\"og:description\" content=\"Mentions l\u00e9gales La poursuite de la navigation sur ce site vaut acceptation sans r\u00e9serve des dispositions et conditions d\u2019utilisation qui suivent. La version actuellement en ligne de ces conditions d\u2019utilisation est la seule opposable pendant toute la dur\u00e9e d\u2019utilisation du site et jusqu\u2019\u00e0 ce qu\u2019une nouvelle version la remplace. SITE :&nbsp; Propri\u00e9taire : \u200bHayette ZAIED [&hellip;]\" \/>\n<meta property=\"og:url\" content=\"https:\/\/mariage-paris12.fr\/?page_id=311\" \/>\n<meta property=\"og:site_name\" content=\"Maison Zaied\" \/>\n<meta property=\"article:modified_time\" content=\"2025-12-02T16:17:21+00:00\" \/>\n<meta name=\"twitter:card\" content=\"summary_large_image\" \/>\n<script type=\"application\/ld+json\" class=\"yoast-schema-graph\">{\"@context\":\"https:\/\/schema.org\",\"@graph\":[{\"@type\":\"WebPage\",\"@id\":\"https:\/\/mariage-paris12.fr\/?page_id=311\",\"url\":\"https:\/\/mariage-paris12.fr\/?page_id=311\",\"name\":\"Mentions l\u00e9gales - Maison Zaied\",\"isPartOf\":{\"@id\":\"https:\/\/mariage-paris12.fr\/#website\"},\"datePublished\":\"2025-12-02T15:43:06+00:00\",\"dateModified\":\"2025-12-02T16:17:21+00:00\",\"breadcrumb\":{\"@id\":\"https:\/\/mariage-paris12.fr\/?page_id=311#breadcrumb\"},\"inLanguage\":\"fr-FR\",\"potentialAction\":[{\"@type\":\"ReadAction\",\"target\":[\"https:\/\/mariage-paris12.fr\/?page_id=311\"]}]},{\"@type\":\"BreadcrumbList\",\"@id\":\"https:\/\/mariage-paris12.fr\/?page_id=311#breadcrumb\",\"itemListElement\":[{\"@type\":\"ListItem\",\"position\":1,\"name\":\"Accueil\",\"item\":\"https:\/\/mariage-paris12.fr\/\"},{\"@type\":\"ListItem\",\"position\":2,\"name\":\"Mentions l\u00e9gales\"}]},{\"@type\":\"WebSite\",\"@id\":\"https:\/\/mariage-paris12.fr\/#website\",\"url\":\"https:\/\/mariage-paris12.fr\/\",\"name\":\"Maison Zaied\",\"description\":\"\",\"potentialAction\":[{\"@type\":\"SearchAction\",\"target\":{\"@type\":\"EntryPoint\",\"urlTemplate\":\"https:\/\/mariage-paris12.fr\/?s={search_term_string}\"},\"query-input\":{\"@type\":\"PropertyValueSpecification\",\"valueRequired\":true,\"valueName\":\"search_term_string\"}}],\"inLanguage\":\"fr-FR\"}]}<\/script>\n<!-- \/ Yoast SEO plugin. -->","yoast_head_json":{"title":"Mentions l\u00e9gales - Maison Zaied","robots":{"index":"noindex","follow":"follow","max-snippet":"max-snippet:-1","max-image-preview":"max-image-preview:large","max-video-preview":"max-video-preview:-1"},"og_locale":"fr_FR","og_type":"article","og_title":"Mentions l\u00e9gales - Maison Zaied","og_description":"Mentions l\u00e9gales La poursuite de la navigation sur ce site vaut acceptation sans r\u00e9serve des dispositions et conditions d\u2019utilisation qui suivent. La version actuellement en ligne de ces conditions d\u2019utilisation est la seule opposable pendant toute la dur\u00e9e d\u2019utilisation du site et jusqu\u2019\u00e0 ce qu\u2019une nouvelle version la remplace. SITE :&nbsp; Propri\u00e9taire : \u200bHayette ZAIED [&hellip;]","og_url":"https:\/\/mariage-paris12.fr\/?page_id=311","og_site_name":"Maison Zaied","article_modified_time":"2025-12-02T16:17:21+00:00","twitter_card":"summary_large_image","schema":{"@context":"https:\/\/schema.org","@graph":[{"@type":"WebPage","@id":"https:\/\/mariage-paris12.fr\/?page_id=311","url":"https:\/\/mariage-paris12.fr\/?page_id=311","name":"Mentions l\u00e9gales - Maison Zaied","isPartOf":{"@id":"https:\/\/mariage-paris12.fr\/#website"},"datePublished":"2025-12-02T15:43:06+00:00","dateModified":"2025-12-02T16:17:21+00:00","breadcrumb":{"@id":"https:\/\/mariage-paris12.fr\/?page_id=311#breadcrumb"},"inLanguage":"fr-FR","potentialAction":[{"@type":"ReadAction","target":["https:\/\/mariage-paris12.fr\/?page_id=311"]}]},{"@type":"BreadcrumbList","@id":"https:\/\/mariage-paris12.fr\/?page_id=311#breadcrumb","itemListElement":[{"@type":"ListItem","position":1,"name":"Accueil","item":"https:\/\/mariage-paris12.fr\/"},{"@type":"ListItem","position":2,"name":"Mentions l\u00e9gales"}]},{"@type":"WebSite","@id":"https:\/\/mariage-paris12.fr\/#website","url":"https:\/\/mariage-paris12.fr\/","name":"Maison Zaied","description":"","potentialAction":[{"@type":"SearchAction","target":{"@type":"EntryPoint","urlTemplate":"https:\/\/mariage-paris12.fr\/?s={search_term_string}"},"query-input":{"@type":"PropertyValueSpecification","valueRequired":true,"valueName":"search_term_string"}}],"inLanguage":"fr-FR"}]}},"_links":{"self":[{"href":"https:\/\/mariage-paris12.fr\/index.php?rest_route=\/wp\/v2\/pages\/311","targetHints":{"allow":["GET"]}}],"collection":[{"href":"https:\/\/mariage-paris12.fr\/index.php?rest_route=\/wp\/v2\/pages"}],"about":[{"href":"https:\/\/mariage-paris12.fr\/index.php?rest_route=\/wp\/v2\/types\/page"}],"author":[{"embeddable":true,"href":"https:\/\/mariage-paris12.fr\/index.php?rest_route=\/wp\/v2\/users\/1"}],"replies":[{"embeddable":true,"href":"https:\/\/mariage-paris12.fr\/index.php?rest_route=%2Fwp%2Fv2%2Fcomments&post=311"}],"version-history":[{"count":3,"href":"https:\/\/mariage-paris12.fr\/index.php?rest_route=\/wp\/v2\/pages\/311\/revisions"}],"predecessor-version":[{"id":318,"href":"https:\/\/mariage-paris12.fr\/index.php?rest_route=\/wp\/v2\/pages\/311\/revisions\/318"}],"wp:attachment":[{"href":"https:\/\/mariage-paris12.fr\/index.php?rest_route=%2Fwp%2Fv2%2Fmedia&parent=311"}],"curies":[{"name":"wp","href":"https:\/\/api.w.org\/{rel}","templated":true}]}}